{"id":78,"date":"2016-07-04T04:23:53","date_gmt":"2016-07-04T04:23:53","guid":{"rendered":"http:\/\/www.ccpirapuato.com\/wp\/?page_id=78"},"modified":"2025-06-19T23:21:15","modified_gmt":"2025-06-19T23:21:15","slug":"eventos","status":"publish","type":"page","link":"https:\/\/www.ccpirapuato.com\/wp\/?page_id=78","title":{"rendered":"Eventos Regionales y Nacionales"},"content":{"rendered":"\n<div class=\"wp-block-media-text is-stacked-on-mobile\"><figure class=\"wp-block-media-text__media\"><img fetchpriority=\"high\" decoding=\"async\" width=\"791\" height=\"1024\" src=\"https:\/\/www.ccpirapuato.com\/wp\/wp-content\/uploads\/2025\/06\/Portada-cartel-791x1024.png\" alt=\"\" class=\"wp-image-2169 size-full\" srcset=\"https:\/\/www.ccpirapuato.com\/wp\/wp-content\/uploads\/2025\/06\/Portada-cartel-791x1024.png 791w, https:\/\/www.ccpirapuato.com\/wp\/wp-content\/uploads\/2025\/06\/Portada-cartel-232x300.png 232w, https:\/\/www.ccpirapuato.com\/wp\/wp-content\/uploads\/2025\/06\/Portada-cartel-768x994.png 768w, https:\/\/www.ccpirapuato.com\/wp\/wp-content\/uploads\/2025\/06\/Portada-cartel.png 1159w\" sizes=\"(max-width: 791px) 100vw, 791px\" \/><\/figure><div class=\"wp-block-media-text__content\">\n<p><strong><mark style=\"background-color:rgba(0, 0, 0, 0)\" class=\"has-inline-color has-vivid-cyan-blue-color\">Foro Regional Fiscal, Fiscal Internacional y Precios de Transferencia.<\/mark><\/strong><\/p>\n\n\n\n<p>Viernes 27 y s\u00e1bado 28 de junio de 2025.<\/p>\n\n\n\n<p>Auditorio Kukulk\u00e1n de la Universidad Quetzalc\u00f3atl en Irapuato.<\/p>\n\n\n\n<p>Descarga el programa completo <mark style=\"background-color:rgba(0, 0, 0, 0)\" class=\"has-inline-color has-vivid-red-color\"><a href=\"https:\/\/1drv.ms\/b\/c\/32afeb01a7694f1c\/EWfZrwrXiB9HoDHKi-VaPvkBV2ENwbLqLtKZNxlgWcfo6w?e=ZDokIf\" data-type=\"link\" data-id=\"https:\/\/1drv.ms\/b\/c\/32afeb01a7694f1c\/EWfZrwrXiB9HoDHKi-VaPvkBV2ENwbLqLtKZNxlgWcfo6w?e=ZDokIf\">aqui<\/a><\/mark><\/p>\n<\/div><\/div>\n\n\n\n<div class=\"wp-block-media-text has-media-on-the-right is-stacked-on-mobile\"><div class=\"wp-block-media-text__content\">\n<p class=\"has-text-align-right\"><strong><mark style=\"background-color:rgba(0, 0, 0, 0)\" class=\"has-inline-color has-vivid-red-color\">XIX Foro de Seguridad Social<\/mark><\/strong><\/p>\n\n\n\n<p class=\"has-text-align-right\">Viernes 04 y s\u00e1bado 05 de julio de 2025<\/p>\n\n\n\n<p class=\"has-text-align-right\">Auditorio Francisco Haro Beas de la Unidad Acad\u00e9mica de Contabilidad y Administraci\u00f3n de la Universidad de Aut\u00f3noma de Nayarit<\/p>\n\n\n\n<p class=\"has-text-align-right\">Descarga el programa completo <mark style=\"background-color:rgba(0, 0, 0, 0)\" class=\"has-inline-color has-vivid-red-color\"><a href=\"https:\/\/1drv.ms\/b\/c\/32afeb01a7694f1c\/ESaM5PvsgTBOrDz9e0UXlxQB6GW8IpDxHNWbK3L7p8txNQ?e=HPPcSi\" data-type=\"link\" data-id=\"https:\/\/1drv.ms\/b\/c\/32afeb01a7694f1c\/ESaM5PvsgTBOrDz9e0UXlxQB6GW8IpDxHNWbK3L7p8txNQ?e=HPPcSi\">aqui<\/a><\/mark><\/p>\n<\/div><figure class=\"wp-block-media-text__media\"><img decoding=\"async\" width=\"701\" height=\"1024\" src=\"https:\/\/www.ccpirapuato.com\/wp\/wp-content\/uploads\/2025\/06\/Poster-Foro-RCO-CROSS-2025-CCP-Nayarit-701x1024.jpg\" alt=\"\" class=\"wp-image-2171 size-full\" srcset=\"https:\/\/www.ccpirapuato.com\/wp\/wp-content\/uploads\/2025\/06\/Poster-Foro-RCO-CROSS-2025-CCP-Nayarit-701x1024.jpg 701w, https:\/\/www.ccpirapuato.com\/wp\/wp-content\/uploads\/2025\/06\/Poster-Foro-RCO-CROSS-2025-CCP-Nayarit-205x300.jpg 205w, https:\/\/www.ccpirapuato.com\/wp\/wp-content\/uploads\/2025\/06\/Poster-Foro-RCO-CROSS-2025-CCP-Nayarit-768x1122.jpg 768w, https:\/\/www.ccpirapuato.com\/wp\/wp-content\/uploads\/2025\/06\/Poster-Foro-RCO-CROSS-2025-CCP-Nayarit-1051x1536.jpg 1051w, https:\/\/www.ccpirapuato.com\/wp\/wp-content\/uploads\/2025\/06\/Poster-Foro-RCO-CROSS-2025-CCP-Nayarit-1401x2048.jpg 1401w, https:\/\/www.ccpirapuato.com\/wp\/wp-content\/uploads\/2025\/06\/Poster-Foro-RCO-CROSS-2025-CCP-Nayarit-scaled.jpg 1752w\" sizes=\"(max-width: 701px) 100vw, 701px\" \/><\/figure><\/div>\n\n\n\n<div class=\"wp-block-media-text is-stacked-on-mobile\"><figure class=\"wp-block-media-text__media\"><img decoding=\"async\" width=\"584\" height=\"1024\" src=\"https:\/\/www.ccpirapuato.com\/wp\/wp-content\/uploads\/2025\/06\/QR-registro-584x1024.png\" alt=\"\" class=\"wp-image-2174 size-full\" srcset=\"https:\/\/www.ccpirapuato.com\/wp\/wp-content\/uploads\/2025\/06\/QR-registro-584x1024.png 584w, https:\/\/www.ccpirapuato.com\/wp\/wp-content\/uploads\/2025\/06\/QR-registro-171x300.png 171w, https:\/\/www.ccpirapuato.com\/wp\/wp-content\/uploads\/2025\/06\/QR-registro.png 616w\" sizes=\"(max-width: 584px) 100vw, 584px\" \/><\/figure><div class=\"wp-block-media-text__content\">\n<p><strong><mark style=\"background-color:rgba(0, 0, 0, 0)\" class=\"has-inline-color has-pale-pink-color\">102 Asamblea Convenci\u00f3n Nacional del Instituto Mexicano de Contadores P\u00fablicos.<\/mark><\/strong><\/p>\n\n\n\n<p>15, 16 y 17 de octubre de 2025.<\/p>\n\n\n\n<p>Riviera Nayarita.<\/p>\n\n\n\n<p>Visita la p\u00e1gina web del evento <a href=\"https:\/\/convencion.imcp.org.mx\/\" data-type=\"link\" data-id=\"https:\/\/convencion.imcp.org.mx\/\"><mark style=\"background-color:rgba(0, 0, 0, 0)\" class=\"has-inline-color has-vivid-red-color\">aqu\u00ed<\/mark><\/a><\/p>\n<\/div><\/div>\n\n\n\n<div style=\"height:100px\" aria-hidden=\"true\" class=\"wp-block-spacer\"><\/div>\n\n\n\n<p><\/p>\n","protected":false},"excerpt":{"rendered":"<p>Foro Regional Fiscal, Fiscal Internacional y Precios de Transferencia. Viernes 27 y s\u00e1bado 28 de junio de 2025. Auditorio Kukulk\u00e1n de la Universidad Quetzalc\u00f3atl en Irapuato. Descarga el programa completo aqui XIX Foro de Seguridad Social Viernes 04 y s\u00e1bado 05 de julio de 2025 Auditorio Francisco Haro Beas de la Unidad Acad\u00e9mica de Contabilidad [&hellip;]<\/p>\n","protected":false},"author":1,"featured_media":0,"parent":0,"menu_order":0,"comment_status":"closed","ping_status":"closed","template":"","meta":{"_joinchat":[],"footnotes":""},"class_list":["post-78","page","type-page","status-publish","hentry"],"_links":{"self":[{"href":"https:\/\/www.ccpirapuato.com\/wp\/index.php?rest_route=\/wp\/v2\/pages\/78","targetHints":{"allow":["GET"]}}],"collection":[{"href":"https:\/\/www.ccpirapuato.com\/wp\/index.php?rest_route=\/wp\/v2\/pages"}],"about":[{"href":"https:\/\/www.ccpirapuato.com\/wp\/index.php?rest_route=\/wp\/v2\/types\/page"}],"author":[{"embeddable":true,"href":"https:\/\/www.ccpirapuato.com\/wp\/index.php?rest_route=\/wp\/v2\/users\/1"}],"replies":[{"embeddable":true,"href":"https:\/\/www.ccpirapuato.com\/wp\/index.php?rest_route=%2Fwp%2Fv2%2Fcomments&post=78"}],"version-history":[{"count":44,"href":"https:\/\/www.ccpirapuato.com\/wp\/index.php?rest_route=\/wp\/v2\/pages\/78\/revisions"}],"predecessor-version":[{"id":2225,"href":"https:\/\/www.ccpirapuato.com\/wp\/index.php?rest_route=\/wp\/v2\/pages\/78\/revisions\/2225"}],"wp:attachment":[{"href":"https:\/\/www.ccpirapuato.com\/wp\/index.php?rest_route=%2Fwp%2Fv2%2Fmedia&parent=78"}],"curies":[{"name":"wp","href":"https:\/\/api.w.org\/{rel}","templated":true}]}}