{"id":68,"date":"2016-07-04T04:20:35","date_gmt":"2016-07-04T04:20:35","guid":{"rendered":"http:\/\/www.ccpirapuato.com\/wp\/?page_id=68"},"modified":"2023-07-08T00:48:23","modified_gmt":"2023-07-08T00:48:23","slug":"contacto","status":"publish","type":"page","link":"https:\/\/www.ccpirapuato.com\/wp\/?page_id=68","title":{"rendered":"Contacto"},"content":{"rendered":"<p style=\"text-align: left;\"><strong>Direcci\u00f3n y Certificaci\u00f3n<\/strong><br \/>\n462 355 6008<br \/>\nadministracion@ccpirapuato.com<\/p>\n<p style=\"text-align: left;\"><strong>Eventos, facturaci\u00f3n y cobranza<\/strong><br \/>\n462 139 5865<br \/>\neventos@ccpirapuato.com<br \/>\nfacturacion@ccpirapuato.com<\/p>\n<p style=\"text-align: left;\"><iframe style=\"border: 0;\" src=\"https:\/\/www.google.com\/maps\/embed?pb=!1m14!1m8!1m3!1d29861.957616560405!2d-101.36806!3d20.679963!3m2!1i1024!2i768!4f13.1!3m3!1m2!1s0x0%3A0xd681a5c78cb6cba5!2sInstituto+Mexicano+de+Contadores+P%C3%BAblicos+Irapuato!5e0!3m2!1ses!2smx!4v1467605816178\" width=\"600\" height=\"450\" frameborder=\"0\" allowfullscreen=\"allowfullscreen\"><\/iframe><\/p>\n<p>S\u00edguenos en redes sociales<\/p>\n<p><strong>Fanpage en Facebook<\/strong>\u00a0<a href=\"https:\/\/www.facebook.com\/CCPIrapuato\/\"> @CCPIrapuato<\/a><\/p>\n<p><strong>Instagram <\/strong><a href=\"https:\/\/www.instagram.com\/colegiocontadoresirapuato\/#\">@colegiocontadoresirapuato<\/a><\/p>\n<p><strong>Twitter<\/strong><a href=\"https:\/\/twitter.com\/CCPIrapuato\"> @CCPIrapuato<\/a><\/p>\n","protected":false},"excerpt":{"rendered":"<p>Direcci\u00f3n y Certificaci\u00f3n 462 355 6008 administracion@ccpirapuato.com Eventos, facturaci\u00f3n y cobranza 462 139 5865 eventos@ccpirapuato.com facturacion@ccpirapuato.com S\u00edguenos en redes sociales Fanpage en Facebook\u00a0 @CCPIrapuato Instagram @colegiocontadoresirapuato Twitter @CCPIrapuato<\/p>\n","protected":false},"author":1,"featured_media":0,"parent":0,"menu_order":0,"comment_status":"closed","ping_status":"closed","template":"","meta":{"_joinchat":[],"footnotes":""},"class_list":["post-68","page","type-page","status-publish","hentry"],"_links":{"self":[{"href":"https:\/\/www.ccpirapuato.com\/wp\/index.php?rest_route=\/wp\/v2\/pages\/68","targetHints":{"allow":["GET"]}}],"collection":[{"href":"https:\/\/www.ccpirapuato.com\/wp\/index.php?rest_route=\/wp\/v2\/pages"}],"about":[{"href":"https:\/\/www.ccpirapuato.com\/wp\/index.php?rest_route=\/wp\/v2\/types\/page"}],"author":[{"embeddable":true,"href":"https:\/\/www.ccpirapuato.com\/wp\/index.php?rest_route=\/wp\/v2\/users\/1"}],"replies":[{"embeddable":true,"href":"https:\/\/www.ccpirapuato.com\/wp\/index.php?rest_route=%2Fwp%2Fv2%2Fcomments&post=68"}],"version-history":[{"count":11,"href":"https:\/\/www.ccpirapuato.com\/wp\/index.php?rest_route=\/wp\/v2\/pages\/68\/revisions"}],"predecessor-version":[{"id":2028,"href":"https:\/\/www.ccpirapuato.com\/wp\/index.php?rest_route=\/wp\/v2\/pages\/68\/revisions\/2028"}],"wp:attachment":[{"href":"https:\/\/www.ccpirapuato.com\/wp\/index.php?rest_route=%2Fwp%2Fv2%2Fmedia&parent=68"}],"curies":[{"name":"wp","href":"https:\/\/api.w.org\/{rel}","templated":true}]}}