{"id":56,"date":"2016-07-04T04:05:41","date_gmt":"2016-07-04T04:05:41","guid":{"rendered":"http:\/\/www.ccpirapuato.com\/wp\/?page_id=56"},"modified":"2025-05-09T00:27:35","modified_gmt":"2025-05-09T00:27:35","slug":"comision-de-trabajo","status":"publish","type":"page","link":"https:\/\/www.ccpirapuato.com\/wp\/?page_id=56","title":{"rendered":"Comisiones Locales de trabajo"},"content":{"rendered":"<ul>\n<li>\u00c9tica<\/li>\n<li>Fiscal<\/li>\n<li>Fiscal Internacional<\/li>\n<li>Normas de Informaci\u00f3n Financiera (NIF)<\/li>\n<li>Seguridad Social y Laboral (CROSS)<\/li>\n<li>Auditoria (AGAFF)<\/li>\n<li>Norma de Educaci\u00f3n Profesional Continua (NDPC)<\/li>\n<li>Sector Empresas y Finanzas<\/li>\n<\/ul>\n\n\n<p><\/p>\n","protected":false},"excerpt":{"rendered":"<p>\u00c9tica Fiscal Fiscal Internacional Normas de Informaci\u00f3n Financiera (NIF) Seguridad Social y Laboral (CROSS) Auditoria (AGAFF) Norma de Educaci\u00f3n Profesional Continua (NDPC) Sector Empresas y Finanzas<\/p>\n","protected":false},"author":1,"featured_media":0,"parent":0,"menu_order":0,"comment_status":"closed","ping_status":"closed","template":"","meta":{"_joinchat":[],"footnotes":""},"class_list":["post-56","page","type-page","status-publish","hentry"],"_links":{"self":[{"href":"https:\/\/www.ccpirapuato.com\/wp\/index.php?rest_route=\/wp\/v2\/pages\/56","targetHints":{"allow":["GET"]}}],"collection":[{"href":"https:\/\/www.ccpirapuato.com\/wp\/index.php?rest_route=\/wp\/v2\/pages"}],"about":[{"href":"https:\/\/www.ccpirapuato.com\/wp\/index.php?rest_route=\/wp\/v2\/types\/page"}],"author":[{"embeddable":true,"href":"https:\/\/www.ccpirapuato.com\/wp\/index.php?rest_route=\/wp\/v2\/users\/1"}],"replies":[{"embeddable":true,"href":"https:\/\/www.ccpirapuato.com\/wp\/index.php?rest_route=%2Fwp%2Fv2%2Fcomments&post=56"}],"version-history":[{"count":8,"href":"https:\/\/www.ccpirapuato.com\/wp\/index.php?rest_route=\/wp\/v2\/pages\/56\/revisions"}],"predecessor-version":[{"id":2140,"href":"https:\/\/www.ccpirapuato.com\/wp\/index.php?rest_route=\/wp\/v2\/pages\/56\/revisions\/2140"}],"wp:attachment":[{"href":"https:\/\/www.ccpirapuato.com\/wp\/index.php?rest_route=%2Fwp%2Fv2%2Fmedia&parent=56"}],"curies":[{"name":"wp","href":"https:\/\/api.w.org\/{rel}","templated":true}]}}